{"id":124,"date":"2024-11-17T09:51:28","date_gmt":"2024-11-17T09:51:28","guid":{"rendered":"http:\/\/kschv-nf.de\/wordpress\/?page_id=124"},"modified":"2025-09-17T23:17:24","modified_gmt":"2025-09-17T23:17:24","slug":"adressen-der-vereine","status":"publish","type":"page","link":"https:\/\/kschv-nf.de\/wordpress\/adressen-der-vereine\/","title":{"rendered":"Adressen der Vereine"},"content":{"rendered":"\n<p><\/p>\n\n\n\n<div class=\"wp-block-columns alignwide are-vertically-aligned-center is-layout-flex wp-container-core-columns-is-layout-d0bbbce0 wp-block-columns-is-layout-flex\">\n<div class=\"wp-block-column is-vertically-aligned-center is-layout-flow wp-container-core-column-is-layout-e3d1c41b wp-block-column-is-layout-flow\">\n<h3 class=\"wp-block-heading has-text-align-left is-style-default has-body-font-family has-medium-font-size\" style=\"font-style:normal;font-weight:600\">016537 Bredstedter SchV v. 1878<\/h3>\n\n\n\n<p class=\"has-text-align-left\" style=\"line-height:0.5\">Vorsitzender<\/p>\n\n\n\n<p style=\"line-height:0.5\">J\u00fcrgen M\u00f6ller<\/p>\n\n\n\n<p class=\"has-text-align-left\" style=\"line-height:0.5\">Bohnenstr. 19<\/p>\n\n\n\n<p class=\"has-text-align-left\" style=\"line-height:0.5\">25821 Bredstedt<\/p>\n\n\n\n<p class=\"has-text-align-left\" style=\"line-height:0.5\">Telefon 04671 4787<\/p>\n\n\n\n<p style=\"line-height:0.5\">Mobil:<\/p>\n\n\n\n<p style=\"line-height:0.5\">E-Mail: <a href=\"mailto:jue.moeller@t-online.de\">jue.moeller@t-online.de<\/a><\/p>\n\n\n\n<p><\/p>\n<\/div>\n\n\n\n<div class=\"wp-block-column is-vertically-aligned-center is-layout-flow wp-container-core-column-is-layout-e3d1c41b wp-block-column-is-layout-flow\">\n<h3 class=\"wp-block-heading has-text-align-left is-style-default has-body-font-family has-medium-font-size\" style=\"font-style:normal;font-weight:600\">016539 Friedrichst\u00e4dter SSV<\/h3>\n\n\n\n<p class=\"has-text-align-left\" style=\"line-height:0.5\">Vorsitzender<\/p>\n\n\n\n<p style=\"line-height:0.5\">Axel Peters<\/p>\n\n\n\n<p class=\"has-text-align-left\" style=\"line-height:0.5\">Neustadt 16<\/p>\n\n\n\n<p class=\"has-text-align-left\" style=\"line-height:0.5\">25813 Husum<\/p>\n\n\n\n<p class=\"has-text-align-left\" style=\"line-height:0.5\">Telefon<\/p>\n\n\n\n<p style=\"line-height:0.5\">Mobil: 0162 6041456<\/p>\n\n\n\n<p style=\"line-height:1\">E-Mail: <a href=\"mailto:sportschuetzen-friedrichstadt@web.de\">sportschuetzen-friedrichstadt@web.de<\/a><\/p>\n\n\n\n<p style=\"line-height:1\">www.friedrichstaedter-sportschuetzen.de<\/p>\n<\/div>\n\n\n\n<div class=\"wp-block-column is-vertically-aligned-center is-layout-flow wp-container-core-column-is-layout-e3d1c41b wp-block-column-is-layout-flow\">\n<h3 class=\"wp-block-heading has-text-align-left is-style-default has-body-font-family has-medium-font-size\" style=\"font-style:normal;font-weight:600\">016540 Gardinger SchV<\/h3>\n\n\n\n<p class=\"has-text-align-left\" style=\"line-height:0.5\">Vorsitzender<\/p>\n\n\n\n<p style=\"line-height:0.5\">Detlef Hars<\/p>\n\n\n\n<p class=\"has-text-align-left\" style=\"line-height:0.5\">Achter de Kark 22<\/p>\n\n\n\n<p class=\"has-text-align-left\" style=\"line-height:0.5\">25882 Tetenb\u00fcll<\/p>\n\n\n\n<p class=\"has-text-align-left\" style=\"line-height:0.5\">Telefon 04862 361<\/p>\n\n\n\n<p style=\"line-height:0.5\">Mobil: 0157 34939947<\/p>\n\n\n\n<p style=\"line-height:0.5\">E-Mail: <a href=\"mailto:detlefhars@online.de\">detlefhars@online.de<\/a><\/p>\n\n\n\n<p><\/p>\n<\/div>\n<\/div>\n\n\n\n<hr class=\"wp-block-separator has-alpha-channel-opacity is-style-wide\" style=\"margin-top:var(--wp--preset--spacing--30);margin-bottom:var(--wp--preset--spacing--30)\"\/>\n\n\n\n<p><\/p>\n\n\n\n<div class=\"wp-block-columns alignwide are-vertically-aligned-center is-layout-flex wp-container-core-columns-is-layout-d0bbbce0 wp-block-columns-is-layout-flex\">\n<div class=\"wp-block-column is-vertically-aligned-center is-layout-flow wp-container-core-column-is-layout-e3d1c41b wp-block-column-is-layout-flow\">\n<h3 class=\"wp-block-heading has-text-align-left is-style-default has-body-font-family has-medium-font-size\" style=\"font-style:normal;font-weight:600\">016541 TSV Mildstedt<\/h3>\n\n\n\n<p class=\"has-text-align-left\" style=\"line-height:0.5\">Spartenleiter<\/p>\n\n\n\n<p style=\"line-height:0.5\">Klaus Dieter F\u00f6rsterling<\/p>\n\n\n\n<p class=\"has-text-align-left\" style=\"line-height:0.5\">Wittdornweg 34<\/p>\n\n\n\n<p class=\"has-text-align-left\" style=\"line-height:0.5\">25866 Mildstedt<\/p>\n\n\n\n<p class=\"has-text-align-left\" style=\"line-height:0.5\">Telefon 04841 806452<\/p>\n\n\n\n<p style=\"line-height:0.5\">Mobil:<\/p>\n\n\n\n<p style=\"line-height:0.5\">E-Mail: <a href=\"mailto:k-d.foersterling@freenet.de\">k-d.foersterling@freenet.de<\/a><\/p>\n<\/div>\n\n\n\n<div class=\"wp-block-column is-vertically-aligned-center is-layout-flow wp-container-core-column-is-layout-e3d1c41b wp-block-column-is-layout-flow\">\n<h3 class=\"wp-block-heading has-text-align-left is-style-default has-body-font-family has-medium-font-size\" style=\"font-style:normal;font-weight:600\">016542 Husumer SchG<\/h3>\n\n\n\n<p class=\"has-text-align-left\" style=\"line-height:0.5\">1 \u00c4ltermann<\/p>\n\n\n\n<p style=\"line-height:0.5\">Alfred Mordhorst<\/p>\n\n\n\n<p class=\"has-text-align-left\" style=\"line-height:0.5\">Bismarckstr. 16<\/p>\n\n\n\n<p class=\"has-text-align-left\" style=\"line-height:0.5\">25813 Husum<\/p>\n\n\n\n<p class=\"has-text-align-left\" style=\"line-height:0.5\">Telefon 04841 8038022<\/p>\n\n\n\n<p style=\"line-height:0.5\">Fax 04841 82192<\/p>\n\n\n\n<p style=\"line-height:0.5\">E-Mail: <a href=\"mailto:alfredmo@outlook.de\">alfredmo@outlook.de<\/a><\/p>\n<\/div>\n\n\n\n<div class=\"wp-block-column is-vertically-aligned-center is-layout-flow wp-container-core-column-is-layout-e3d1c41b wp-block-column-is-layout-flow\">\n<h3 class=\"wp-block-heading has-text-align-left is-style-default has-body-font-family has-medium-font-size\" style=\"font-style:normal;font-weight:600\">016543 Husumer SpSch 41<\/h3>\n\n\n\n<p class=\"has-text-align-left\" style=\"line-height:0.5\"><\/p>\n\n\n\n<p style=\"line-height:0.5\">Rolf Lenz<\/p>\n\n\n\n<p class=\"has-text-align-left\" style=\"line-height:0.5\">Alte Dorfstr. 11<\/p>\n\n\n\n<p class=\"has-text-align-left\" style=\"line-height:0.5\">25813 Husum<\/p>\n\n\n\n<p class=\"has-text-align-left\" style=\"line-height:0.5\">Telefon 04841 61124<\/p>\n\n\n\n<p style=\"line-height:0.5\">Mobil:<\/p>\n\n\n\n<p style=\"line-height:0.5\">E-Mail: <a href=\"mailto:rolflenz@t-online.de\">rolflenz@t-online.de<\/a><\/p>\n<\/div>\n<\/div>\n\n\n\n<hr class=\"wp-block-separator has-alpha-channel-opacity is-style-wide\" style=\"margin-top:var(--wp--preset--spacing--30);margin-bottom:var(--wp--preset--spacing--30)\"\/>\n\n\n\n<p><\/p>\n\n\n\n<div class=\"wp-block-columns alignwide are-vertically-aligned-center is-layout-flex wp-container-core-columns-is-layout-d0bbbce0 wp-block-columns-is-layout-flex\">\n<div class=\"wp-block-column is-vertically-aligned-center is-layout-flow wp-container-core-column-is-layout-e3d1c41b wp-block-column-is-layout-flow\">\n<h3 class=\"wp-block-heading has-text-align-left is-style-default has-body-font-family has-medium-font-size\" style=\"font-style:normal;font-weight:600\">016544 Bredstedter TSV (BTSV \u2013 Bredstedt)<\/h3>\n\n\n\n<p class=\"has-text-align-left\" style=\"line-height:0.5\"><\/p>\n\n\n\n<p style=\"line-height:0.5\">Karl-Peter Prim<\/p>\n\n\n\n<p class=\"has-text-align-left\" style=\"line-height:0.5\">Friedrichsallee 25<\/p>\n\n\n\n<p class=\"has-text-align-left\" style=\"line-height:0.5\">25821 Bredstedt<\/p>\n\n\n\n<p class=\"has-text-align-left\" style=\"line-height:0.5\">Telefon 04671 9431391<\/p>\n\n\n\n<p style=\"line-height:0.5\">Mobil:<\/p>\n\n\n\n<p style=\"line-height:0.5\">E-Mail:<\/p>\n<\/div>\n\n\n\n<div class=\"wp-block-column is-vertically-aligned-center is-layout-flow wp-container-core-column-is-layout-e3d1c41b wp-block-column-is-layout-flow\">\n<h3 class=\"wp-block-heading has-text-align-left is-style-default has-body-font-family has-medium-font-size\" style=\"font-style:normal;font-weight:600\">016549 SchK Nieb\u00fcll-Deezb\u00fcll<\/h3>\n\n\n\n<p class=\"has-text-align-left\" style=\"line-height:0.5\">Vorsitzender<\/p>\n\n\n\n<p style=\"line-height:0.5\">Bern Hein<\/p>\n\n\n\n<p class=\"has-text-align-left\" style=\"line-height:0.5\">Jahnstra\u00dfe 13<\/p>\n\n\n\n<p class=\"has-text-align-left\" style=\"line-height:0.5\">25899 Nieb\u00fcll<\/p>\n\n\n\n<p class=\"has-text-align-left\" style=\"line-height:0.5\">Telefon 046617084161 <\/p>\n\n\n\n<p style=\"line-height:1\">zu den \u00d6ffnungszeiten u. Trainingszeiten<\/p>\n\n\n\n<p style=\"line-height:0.5\">E-Mail: <a href=\"mailto:info@nfsk-niebuell.de\">info@nfsk-niebuell.de<\/a><\/p>\n\n\n\n<p style=\"line-height:0.5\">www.nfsk-niebuell.de<\/p>\n<\/div>\n\n\n\n<div class=\"wp-block-column is-vertically-aligned-center is-layout-flow wp-container-core-column-is-layout-e3d1c41b wp-block-column-is-layout-flow\">\n<h3 class=\"wp-block-heading has-text-align-left is-style-default has-body-font-family has-medium-font-size\" style=\"font-style:normal;font-weight:600\">016550 SchG Nordstrand<\/h3>\n\n\n\n<p class=\"has-text-align-left\" style=\"line-height:0.5\"><\/p>\n\n\n\n<p style=\"line-height:0.5\">Carstensen Martina<\/p>\n\n\n\n<p class=\"has-text-align-left\" style=\"line-height:0.5\">Edomsharder Weg 3<\/p>\n\n\n\n<p class=\"has-text-align-left\" style=\"line-height:0.5\">25845 Nordstrand<\/p>\n\n\n\n<p class=\"has-text-align-left\" style=\"line-height:0.5\">Telefon 04842 8695<\/p>\n\n\n\n<p style=\"line-height:0.5\">Mobil:<\/p>\n\n\n\n<p style=\"line-height:1\">E-Mail: <a href=\"mailto:vorstand@schuetzengilde-nordstrand.de\">vorstand@schuetzengilde-nordstrand.de<\/a><\/p>\n<\/div>\n<\/div>\n\n\n\n<hr class=\"wp-block-separator has-alpha-channel-opacity is-style-wide\" style=\"margin-top:var(--wp--preset--spacing--30);margin-bottom:var(--wp--preset--spacing--30)\"\/>\n\n\n\n<p><\/p>\n\n\n\n<div class=\"wp-block-columns alignwide are-vertically-aligned-center is-layout-flex wp-container-core-columns-is-layout-d0bbbce0 wp-block-columns-is-layout-flex\">\n<div class=\"wp-block-column is-vertically-aligned-center is-layout-flow wp-container-core-column-is-layout-e3d1c41b wp-block-column-is-layout-flow\">\n<h3 class=\"wp-block-heading has-text-align-left is-style-default has-body-font-family has-medium-font-size\" style=\"font-style:normal;font-weight:600\">016553 SV Germania Breklum<\/h3>\n\n\n\n<p class=\"has-text-align-left\" style=\"line-height:0.5\"><\/p>\n\n\n\n<p style=\"line-height:0.5\">Erk Petersen<\/p>\n\n\n\n<p class=\"has-text-align-left\" style=\"line-height:0.5\">Riddorfer Ring 52<\/p>\n\n\n\n<p class=\"has-text-align-left\" style=\"line-height:0.5\">25821 Breklum<\/p>\n\n\n\n<p class=\"has-text-align-left\" style=\"line-height:0.5\">Telefon <\/p>\n\n\n\n<p style=\"line-height:0.5\">Mobil: 0152 &#8211; 27691698<\/p>\n\n\n\n<p style=\"line-height:0.5\">E-Mail: <a href=\"mailto:Schuetzen-Breklum@web.de\">Schuetzen-Breklum@web.de<\/a><\/p>\n<\/div>\n\n\n\n<div class=\"wp-block-column is-vertically-aligned-center is-layout-flow wp-container-core-column-is-layout-e3d1c41b wp-block-column-is-layout-flow\">\n<h3 class=\"wp-block-heading has-text-align-left is-style-default has-body-font-family has-medium-font-size\" style=\"font-style:normal;font-weight:600\">016554 SchV Hattstedt v. 1962 e. V.<\/h3>\n\n\n\n<p class=\"has-text-align-left\" style=\"line-height:0.5\">Vorsitzender<\/p>\n\n\n\n<p style=\"line-height:0.5\">Udo Maart<\/p>\n\n\n\n<p class=\"has-text-align-left\" style=\"line-height:0.5\">Norderwung 7<\/p>\n\n\n\n<p class=\"has-text-align-left\" style=\"line-height:0.5\">25856 Hattstedt<\/p>\n\n\n\n<p class=\"has-text-align-left\" style=\"line-height:0.5\">Telefon 04846 6125<\/p>\n\n\n\n<p style=\"line-height:0.5\">Mobil:<\/p>\n\n\n\n<p style=\"line-height:0.5\">E-Mail: <a href=\"mailto:Udo.Maart@gmx.de\">Udo.Maart@gmx.de<\/a><\/p>\n<\/div>\n\n\n\n<div class=\"wp-block-column is-vertically-aligned-center is-layout-flow wp-container-core-column-is-layout-e3d1c41b wp-block-column-is-layout-flow\">\n<h3 class=\"wp-block-heading has-text-align-left is-style-default has-body-font-family has-medium-font-size\" style=\"font-style:normal;font-weight:600\">016559 Seether SchV<\/h3>\n\n\n\n<p class=\"has-text-align-left\" style=\"line-height:0.5\">Vorsitzender<\/p>\n\n\n\n<p style=\"line-height:0.5\">Stefan Mahmens<\/p>\n\n\n\n<p class=\"has-text-align-left\" style=\"line-height:0.5\">G\u00f6\u00f6sstraat 9a<\/p>\n\n\n\n<p class=\"has-text-align-left\" style=\"line-height:0.5\">25878 Seeth<\/p>\n\n\n\n<p class=\"has-text-align-left\" style=\"line-height:0.5\">Telefon 04881 1040<\/p>\n\n\n\n<p style=\"line-height:0.5\">Mobil:<\/p>\n\n\n\n<p style=\"line-height:0.5\">E-Mail: <a href=\"mailto:StefanMahmens@t-online.de\">StefanMahmens@t-online.de<\/a><\/p>\n<\/div>\n<\/div>\n\n\n\n<hr class=\"wp-block-separator has-alpha-channel-opacity is-style-wide\" style=\"margin-top:var(--wp--preset--spacing--30);margin-bottom:var(--wp--preset--spacing--30)\"\/>\n\n\n\n<p><\/p>\n\n\n\n<div class=\"wp-block-columns alignwide are-vertically-aligned-center is-layout-flex wp-container-core-columns-is-layout-d0bbbce0 wp-block-columns-is-layout-flex\">\n<div class=\"wp-block-column is-vertically-aligned-center is-layout-flow wp-container-core-column-is-layout-e3d1c41b wp-block-column-is-layout-flow\">\n<h3 class=\"wp-block-heading has-text-align-left is-style-default has-body-font-family has-medium-font-size\" style=\"font-style:normal;font-weight:600\">016560 Sch\u00fctzen- und Ringreiterverein Ahrensh\u00f6ft<\/h3>\n\n\n\n<p class=\"has-text-align-left\" style=\"line-height:0.5\">Vorsitzender<\/p>\n\n\n\n<p style=\"line-height:0.5\">Manfred Andresen<\/p>\n\n\n\n<p class=\"has-text-align-left\" style=\"line-height:0.5\">Dorfstra\u00dfe 58<\/p>\n\n\n\n<p class=\"has-text-align-left\" style=\"line-height:0.5\">25853 Ahrensh\u00f6ft<\/p>\n\n\n\n<p class=\"has-text-align-left\" style=\"line-height:0.5\">Telefon 04846 9114885<\/p>\n\n\n\n<p style=\"line-height:0.5\">Mobil:<\/p>\n\n\n\n<p style=\"line-height:0.5\">E-Mail: <a href=\"mailto:manfredandresen@aol.com\">manfredandresen@aol.com<\/a><\/p>\n<\/div>\n\n\n\n<div class=\"wp-block-column is-vertically-aligned-center is-layout-flow wp-container-core-column-is-layout-e3d1c41b wp-block-column-is-layout-flow\">\n<h3 class=\"wp-block-heading has-text-align-left is-style-default has-body-font-family has-medium-font-size\" style=\"font-style:normal;font-weight:600\">016567 SZ Ohrstedt<\/h3>\n\n\n\n<p class=\"has-text-align-left\" style=\"line-height:0.5\"><\/p>\n\n\n\n<p class=\"has-text-align-left\" style=\"line-height:0.5\">Michael Schwarz<\/p>\n\n\n\n<p class=\"has-text-align-left\" style=\"line-height:0.5\">Hauptstrasse 45<\/p>\n\n\n\n<p class=\"has-text-align-left\" style=\"line-height:0.5\">25885 Ahrenvi\u00f6l<\/p>\n\n\n\n<p class=\"has-text-align-left\" style=\"line-height:0.5\">Mobil: 01748548790<\/p>\n\n\n\n<p style=\"line-height:0.5\">E-Mail <a href=\"mailto:m.schwarz-szo@gmx.de\">m.schwarz-szo@gmx.de<\/a><\/p>\n\n\n\n<p style=\"line-height:0.5\"><\/p>\n\n\n\n<p style=\"line-height:0.5\"><\/p>\n<\/div>\n\n\n\n<div class=\"wp-block-column is-vertically-aligned-center is-layout-flow wp-container-core-column-is-layout-e3d1c41b wp-block-column-is-layout-flow\">\n<h3 class=\"wp-block-heading has-text-align-left is-style-default has-body-font-family has-medium-font-size\" style=\"font-style:normal;font-weight:600\">016569 SZ Arlewatt<\/h3>\n\n\n\n<p class=\"has-text-align-left\" style=\"line-height:0.5\"><\/p>\n\n\n\n<p style=\"line-height:0.5\">Thomas Thiesen<\/p>\n\n\n\n<p class=\"has-text-align-left\" style=\"line-height:0.5\">Holm 8<\/p>\n\n\n\n<p class=\"has-text-align-left\" style=\"line-height:0.5\">25860 Olderup<\/p>\n\n\n\n<p class=\"has-text-align-left\" style=\"line-height:0.5\">Telefon 04846 543<\/p>\n\n\n\n<p style=\"line-height:0.5\">Mobil:<\/p>\n\n\n\n<p style=\"line-height:0.5\">E-Mail <a href=\"mailto:thomas-thiesen@gmx.de\">thomas-thiesen@gmx.de<\/a><\/p>\n<\/div>\n<\/div>\n\n\n\n<hr class=\"wp-block-separator has-alpha-channel-opacity is-style-wide\" style=\"margin-top:var(--wp--preset--spacing--30);margin-bottom:var(--wp--preset--spacing--30)\"\/>\n\n\n\n<p><\/p>\n\n\n\n<div class=\"wp-block-columns alignwide are-vertically-aligned-center is-layout-flex wp-container-core-columns-is-layout-d0bbbce0 wp-block-columns-is-layout-flex\">\n<div class=\"wp-block-column is-vertically-aligned-center is-layout-flow wp-container-core-column-is-layout-e3d1c41b wp-block-column-is-layout-flow\">\n<h3 class=\"wp-block-heading has-text-align-left is-style-default has-body-font-family has-medium-font-size\" style=\"font-style:normal;font-weight:600\">016570 SpSch TSV Emmelsb\u00fcll<\/h3>\n\n\n\n<p class=\"has-text-align-left\" style=\"line-height:0.5\"><\/p>\n\n\n\n<p style=\"line-height:0.5\">Klaus Peter Petersen<\/p>\n\n\n\n<p class=\"has-text-align-left\" style=\"line-height:0.5\">Horsb\u00fcller Str. 24<\/p>\n\n\n\n<p class=\"has-text-align-left\" style=\"line-height:0.5\">25924 Emmelsb\u00fcll-Horsb\u00fcll<\/p>\n\n\n\n<p class=\"has-text-align-left\" style=\"line-height:0.5\">Telefon 04665 656<\/p>\n\n\n\n<p style=\"line-height:0.5\">Mobil: 015206136563<\/p>\n\n\n\n<p style=\"line-height:0.5\">E-Mail: <a href=\"mailto:klauspetpetersen@web.de\">klauspetpetersen@web.de<\/a><\/p>\n<\/div>\n\n\n\n<div class=\"wp-block-column is-vertically-aligned-center is-layout-flow wp-container-core-column-is-layout-e3d1c41b wp-block-column-is-layout-flow\">\n<h3 class=\"wp-block-heading has-text-align-left is-style-default has-body-font-family has-medium-font-size\" style=\"font-style:normal;font-weight:600\">016573 BogenSch Morsum-Sylt<\/h3>\n\n\n\n<p class=\"has-text-align-left\" style=\"line-height:0.5\"><\/p>\n\n\n\n<p style=\"line-height:0.5\">Hartmut Kamm<\/p>\n\n\n\n<p class=\"has-text-align-left\" style=\"line-height:0.5\">Kirchenweg 17a<\/p>\n\n\n\n<p class=\"has-text-align-left\" style=\"line-height:0.5\">25980 Sylt\/Westerland<\/p>\n\n\n\n<p class=\"has-text-align-left\" style=\"line-height:0.5\">Telefon 04651 6747<\/p>\n\n\n\n<p style=\"line-height:0.5\">Mobil:<\/p>\n\n\n\n<p style=\"line-height:0.5\">E-Mail: <a href=\"mailto:kamm.sylt@t-online.de\">kamm.sylt@t-online.de<\/a><\/p>\n\n\n\n<p><\/p>\n<\/div>\n\n\n\n<div class=\"wp-block-column is-vertically-aligned-center is-layout-flow wp-container-core-column-is-layout-e3d1c41b wp-block-column-is-layout-flow\">\n<h3 class=\"wp-block-heading has-text-align-left is-style-default has-body-font-family has-medium-font-size\" style=\"font-style:normal;font-weight:600\">016577 Westerl\u00e4nder SchV v. 1890 e.V.<\/h3>\n\n\n\n<p class=\"has-text-align-left\" style=\"line-height:0.5\"><\/p>\n\n\n\n<p style=\"line-height:0.5\">Stefan Petersen<\/p>\n\n\n\n<p class=\"has-text-align-left\" style=\"line-height:0.5\">Gaadt 31a<\/p>\n\n\n\n<p class=\"has-text-align-left\" style=\"line-height:0.5\">25980 Sylt Westerland<\/p>\n\n\n\n<p class=\"has-text-align-left\" style=\"line-height:0.5\">Telefon 04651-25051<\/p>\n\n\n\n<p style=\"line-height:0.5\">Mobil: 0151-24043936<\/p>\n\n\n\n<p style=\"line-height:0.5\">E-Mail: <a href=\"mailto:hausmeister-bgd@web.de\">hausmeister-bgd@web.de<\/a><\/p>\n\n\n\n<p style=\"line-height:0.5\">www.schuetzenverein-westerland.de<\/p>\n<\/div>\n<\/div>\n\n\n\n<hr class=\"wp-block-separator has-alpha-channel-opacity is-style-wide\" style=\"margin-top:var(--wp--preset--spacing--30);margin-bottom:var(--wp--preset--spacing--30)\"\/>\n\n\n\n<p><\/p>\n\n\n\n<div class=\"wp-block-columns alignwide are-vertically-aligned-center is-layout-flex wp-container-core-columns-is-layout-d0bbbce0 wp-block-columns-is-layout-flex\">\n<div class=\"wp-block-column is-vertically-aligned-center is-layout-flow wp-container-core-column-is-layout-e3d1c41b wp-block-column-is-layout-flow\">\n<h3 class=\"wp-block-heading has-text-align-left is-style-default has-body-font-family has-medium-font-size\" style=\"font-style:normal;font-weight:600\">016579 Wyker SchV<\/h3>\n\n\n\n<p class=\"has-text-align-left\" style=\"line-height:0.5\"><\/p>\n\n\n\n<p style=\"line-height:0.5\">Markus Bohn<\/p>\n\n\n\n<p class=\"has-text-align-left\" style=\"line-height:0.5\">Dunsem Stich 1<\/p>\n\n\n\n<p class=\"has-text-align-left\" style=\"line-height:0.5\">25938 Utersum<\/p>\n\n\n\n<p class=\"has-text-align-left\" style=\"line-height:0.5\">Telefon 04683 2699966<\/p>\n\n\n\n<p style=\"line-height:0.5\">Mobil:<\/p>\n\n\n\n<p style=\"line-height:0.5\">E-Mail <a href=\"mailto:bohn-utersum@t-online.de\">bohn-utersum@t-online.de<\/a><\/p>\n<\/div>\n\n\n\n<div class=\"wp-block-column is-vertically-aligned-center is-layout-flow wp-container-core-column-is-layout-e3d1c41b wp-block-column-is-layout-flow\">\n<h3 class=\"wp-block-heading has-text-align-left is-style-default has-body-font-family has-medium-font-size\" style=\"font-style:normal;font-weight:600\">016580 TSV Ostenfeld-Wittbek-Winnert<\/h3>\n\n\n\n<p class=\"has-text-align-left\" style=\"line-height:0.5\">Spartenleiter<\/p>\n\n\n\n<p style=\"line-height:0.5\">Willi Pauls<\/p>\n\n\n\n<p class=\"has-text-align-left\" style=\"line-height:0.5\">Westerdiek 1<\/p>\n\n\n\n<p class=\"has-text-align-left\" style=\"line-height:0.5\">25872 Ostenfeld<\/p>\n\n\n\n<p class=\"has-text-align-left\" style=\"line-height:0.5\">Telefon 04845 1446<\/p>\n\n\n\n<p style=\"line-height:0.5\">Mobil: 0173 7843141<\/p>\n\n\n\n<p style=\"line-height:0.5\">E-Mail: <a href=\"mailto:willi.pauls.wp@gmail.com\">willi.pauls.wp@gmail.com<\/a><\/p>\n<\/div>\n\n\n\n<div class=\"wp-block-column is-vertically-aligned-center is-layout-flow wp-container-core-column-is-layout-e3d1c41b wp-block-column-is-layout-flow\">\n<h3 class=\"wp-block-heading has-text-align-left is-style-default has-body-font-family has-medium-font-size\" style=\"font-style:normal;font-weight:600\">016584 SchV Bohmstedt e. V.<\/h3>\n\n\n\n<p class=\"has-text-align-left\" style=\"line-height:0.5\"><\/p>\n\n\n\n<p style=\"line-height:0.5\">J\u00f6rn Nielsen<\/p>\n\n\n\n<p class=\"has-text-align-left\" style=\"line-height:0.5\">Bomtoft 3<\/p>\n\n\n\n<p class=\"has-text-align-left\" style=\"line-height:0.5\">25853 Bohmstedt<\/p>\n\n\n\n<p class=\"has-text-align-left\" style=\"line-height:0.5\">Telefon <\/p>\n\n\n\n<p style=\"line-height:0.5\">Mobil: 0175-4710704<\/p>\n\n\n\n<p style=\"line-height:0.5\">E-Mail: <a href=\"mailto:svbohmstedt@gmail.com\">svbohmstedt@gmail.com<\/a><\/p>\n<\/div>\n<\/div>\n\n\n\n<hr class=\"wp-block-separator has-alpha-channel-opacity is-style-wide\" style=\"margin-top:var(--wp--preset--spacing--30);margin-bottom:var(--wp--preset--spacing--30)\"\/>\n\n\n\n<p><\/p>\n\n\n\n<div class=\"wp-block-columns alignwide are-vertically-aligned-center is-layout-flex wp-container-core-columns-is-layout-d0bbbce0 wp-block-columns-is-layout-flex\">\n<div class=\"wp-block-column is-vertically-aligned-center is-layout-flow wp-container-core-column-is-layout-e3d1c41b wp-block-column-is-layout-flow\">\n<h3 class=\"wp-block-heading has-text-align-left is-style-default has-body-font-family has-medium-font-size\" style=\"font-style:normal;font-weight:600\">016585 Sportfreunde Bordelum Bogen<\/h3>\n\n\n\n<p class=\"has-text-align-left\" style=\"line-height:0.5\">Spartenleiter<\/p>\n\n\n\n<p style=\"line-height:0.5\">Erhardt Gr\u00fcnder<\/p>\n\n\n\n<p class=\"has-text-align-left\" style=\"line-height:0.5\">Walkensmoor 1<\/p>\n\n\n\n<p class=\"has-text-align-left\" style=\"line-height:0.5\">25842 L\u00fctjenholm<\/p>\n\n\n\n<p class=\"has-text-align-left\" style=\"line-height:0.5\">Telefon<\/p>\n\n\n\n<p style=\"line-height:0.5\">Mobil: 0152-36976038<\/p>\n\n\n\n<p style=\"line-height:0.5\">E-Mail: <a href=\"mailto:e-gruender@web.de\">e-gruender@web.de<\/a><\/p>\n<\/div>\n\n\n\n<div class=\"wp-block-column is-vertically-aligned-center is-layout-flow wp-container-core-column-is-layout-e3d1c41b wp-block-column-is-layout-flow\">\n<h3 class=\"wp-block-heading has-text-align-left is-style-default has-body-font-family has-medium-font-size\" style=\"font-style:normal;font-weight:600\">016586 TSV Witzwort Sparte Bogen<\/h3>\n\n\n\n<p class=\"has-text-align-left\" style=\"line-height:0.5\">Spartenleiter<\/p>\n\n\n\n<p style=\"line-height:0.5\">J\u00f6rg Teetz<\/p>\n\n\n\n<p class=\"has-text-align-left\" style=\"line-height:0.5\">Paul &#8211; D\u00f6lz &#8211; Str. 24<\/p>\n\n\n\n<p class=\"has-text-align-left\" style=\"line-height:0.5\">25832 T\u00f6nning<\/p>\n\n\n\n<p class=\"has-text-align-left\" style=\"line-height:0.5\">Telefon: 04861 231300<\/p>\n\n\n\n<p style=\"line-height:0.5\">Mobil: 0174 9205710<\/p>\n\n\n\n<p style=\"line-height:0.5\">E-Mail: <a href=\"mailto:jteetz25@hotmail.com\">jteetz25@hotmail.com<\/a><\/p>\n<\/div>\n\n\n\n<div class=\"wp-block-column is-vertically-aligned-center is-layout-flow wp-container-core-column-is-layout-e3d1c41b wp-block-column-is-layout-flow\">\n<h3 class=\"wp-block-heading has-text-align-left is-style-default has-body-font-family has-medium-font-size\" style=\"font-style:normal;font-weight:600\">016587 Sport Sch\u00fctzen 63<\/h3>\n\n\n\n<p class=\"has-text-align-left\" style=\"line-height:0.5\">1.Vorsitzende<\/p>\n\n\n\n<p style=\"line-height:0.5\">Thorsten Petersen<\/p>\n\n\n\n<p class=\"has-text-align-left\" style=\"line-height:0.5\">Schulstr. 6<\/p>\n\n\n\n<p class=\"has-text-align-left\" style=\"line-height:0.5\">25862 Joldeund<\/p>\n\n\n\n<p class=\"has-text-align-left\" style=\"line-height:0.5\">Telefon <\/p>\n\n\n\n<p style=\"line-height:0.5\">Mobil:0152 55653949<\/p>\n\n\n\n<p style=\"line-height:1\">E-Mail: <a href=\"mailto:thorstenpetersen11@gmail.com\">thorstenpetersen11@gmail.com<\/a><\/p>\n<\/div>\n<\/div>\n","protected":false},"excerpt":{"rendered":"<p>016537 Bredstedter SchV v. 1878 Vorsitzender J\u00fcrgen M\u00f6ller Bohnenstr. 19 25821 Bredstedt Telefon 04671 4787 Mobil: E-Mail: jue.moeller@t-online.de 016539 Friedrichst\u00e4dter SSV Vorsitzender Axel Peters Neustadt 16 25813 Husum Telefon Mobil: 0162 6041456 E-Mail: sportschuetzen-friedrichstadt@web.de www.friedrichstaedter-sportschuetzen.de 016540 Gardinger SchV Vorsitzender Detlef Hars Achter de Kark 22 25882 Tetenb\u00fcll Telefon 04862 361 Mobil: 0157 34939947 E-Mail: detlefhars@online.de [&hellip;]<\/p>\n","protected":false},"author":1,"featured_media":0,"parent":0,"menu_order":0,"comment_status":"closed","ping_status":"closed","template":"","meta":{"footnotes":""},"class_list":["post-124","page","type-page","status-publish","hentry"],"_links":{"self":[{"href":"https:\/\/kschv-nf.de\/wordpress\/wp-json\/wp\/v2\/pages\/124","targetHints":{"allow":["GET"]}}],"collection":[{"href":"https:\/\/kschv-nf.de\/wordpress\/wp-json\/wp\/v2\/pages"}],"about":[{"href":"https:\/\/kschv-nf.de\/wordpress\/wp-json\/wp\/v2\/types\/page"}],"author":[{"embeddable":true,"href":"https:\/\/kschv-nf.de\/wordpress\/wp-json\/wp\/v2\/users\/1"}],"replies":[{"embeddable":true,"href":"https:\/\/kschv-nf.de\/wordpress\/wp-json\/wp\/v2\/comments?post=124"}],"version-history":[{"count":96,"href":"https:\/\/kschv-nf.de\/wordpress\/wp-json\/wp\/v2\/pages\/124\/revisions"}],"predecessor-version":[{"id":1009,"href":"https:\/\/kschv-nf.de\/wordpress\/wp-json\/wp\/v2\/pages\/124\/revisions\/1009"}],"wp:attachment":[{"href":"https:\/\/kschv-nf.de\/wordpress\/wp-json\/wp\/v2\/media?parent=124"}],"curies":[{"name":"wp","href":"https:\/\/api.w.org\/{rel}","templated":true}]}}